{"id":1405,"date":"2018-07-23T11:43:10","date_gmt":"2018-07-23T09:43:10","guid":{"rendered":"https:\/\/anima-lopd.com\/?page_id=1405"},"modified":"2021-02-01T13:04:42","modified_gmt":"2021-02-01T12:04:42","slug":"servicios","status":"publish","type":"page","link":"https:\/\/anima-lopd.com\/ca\/servicios\/","title":{"rendered":"SERVEIS"},"content":{"rendered":"<p>[et_pb_section fb_built=&#8221;1&#8243; fullwidth=&#8221;on&#8221; _builder_version=&#8221;3.22&#8243;][et_pb_fullwidth_slider show_arrows=&#8221;off&#8221; show_pagination=&#8221;off&#8221; _builder_version=&#8221;4.6.6&#8243; button_text_size__hover_enabled=&#8221;off&#8221; button_one_text_size__hover_enabled=&#8221;off&#8221; button_two_text_size__hover_enabled=&#8221;off&#8221; button_text_color__hover_enabled=&#8221;off&#8221; button_one_text_color__hover_enabled=&#8221;off&#8221; button_two_text_color__hover_enabled=&#8221;off&#8221; button_border_width__hover_enabled=&#8221;off&#8221; button_one_border_width__hover_enabled=&#8221;off&#8221; button_two_border_width__hover_enabled=&#8221;off&#8221; button_border_color__hover_enabled=&#8221;off&#8221; button_one_border_color__hover_enabled=&#8221;off&#8221; button_two_border_color__hover_enabled=&#8221;off&#8221; button_border_radius__hover_enabled=&#8221;off&#8221; button_one_border_radius__hover_enabled=&#8221;off&#8221; button_two_border_radius__hover_enabled=&#8221;off&#8221; button_letter_spacing__hover_enabled=&#8221;off&#8221; button_one_letter_spacing__hover_enabled=&#8221;off&#8221; button_two_letter_spacing__hover_enabled=&#8221;off&#8221; button_bg_color__hover_enabled=&#8221;off&#8221; button_one_bg_color__hover_enabled=&#8221;off&#8221; button_two_bg_color__hover_enabled=&#8221;off&#8221;][et_pb_slide use_bg_overlay=&#8221;off&#8221; use_text_overlay=&#8221;on&#8221; text_overlay_color=&#8221;rgba(255,255,255,0.75)&#8221; _builder_version=&#8221;4.6.6&#8243; header_text_color=&#8221;#000000&#8243; header_font_size=&#8221;55&#8243; body_font=&#8221;Comfortaa||||||||&#8221; body_font_size=&#8221;28&#8243; background_image=&#8221;https:\/\/anima-lopd.com\/wp-content\/uploads\/2018\/08\/pexels-photo-1020313.jpeg&#8221; button_on_hover=&#8221;on&#8221; background_layout=&#8221;light&#8221; header_font_size_tablet=&#8221;55&#8243; header_font_size_phone=&#8221;55&#8243; body_font_size_tablet=&#8221;28&#8243; body_font_size_phone=&#8221;28&#8243; button_text_size__hover_enabled=&#8221;off&#8221; button_one_text_size__hover_enabled=&#8221;off&#8221; button_two_text_size__hover_enabled=&#8221;off&#8221; button_text_color__hover_enabled=&#8221;off&#8221; button_one_text_color__hover_enabled=&#8221;off&#8221; button_two_text_color__hover_enabled=&#8221;off&#8221; button_border_width__hover_enabled=&#8221;off&#8221; button_one_border_width__hover_enabled=&#8221;off&#8221; button_two_border_width__hover_enabled=&#8221;off&#8221; button_border_color__hover_enabled=&#8221;off&#8221; button_one_border_color__hover_enabled=&#8221;off&#8221; button_two_border_color__hover_enabled=&#8221;off&#8221; button_border_radius__hover_enabled=&#8221;off&#8221; button_one_border_radius__hover_enabled=&#8221;off&#8221; button_two_border_radius__hover_enabled=&#8221;off&#8221; button_letter_spacing__hover_enabled=&#8221;off&#8221; button_one_letter_spacing__hover_enabled=&#8221;off&#8221; button_two_letter_spacing__hover_enabled=&#8221;off&#8221; button_bg_color__hover_enabled=&#8221;off&#8221; button_one_bg_color__hover_enabled=&#8221;off&#8221; button_two_bg_color__hover_enabled=&#8221;off&#8221; sticky_transition=&#8221;on&#8221;]<\/p>\n<p><span>Protegeixi l&#8217;\u00e0nima de la seva empresa<\/span><\/p>\n<p>[\/et_pb_slide][\/et_pb_fullwidth_slider][\/et_pb_section][et_pb_section fb_built=&#8221;1&#8243; _builder_version=&#8221;3.22&#8243; custom_margin=&#8221;1%||1%|&#8221; custom_padding=&#8221;0px||0px|&#8221;][et_pb_row _builder_version=&#8221;3.25&#8243; custom_margin=&#8221;||0px|&#8221; custom_padding=&#8221;||0px|&#8221;][et_pb_column type=&#8221;4_4&#8243; _builder_version=&#8221;3.25&#8243; custom_padding=&#8221;|||&#8221; custom_padding__hover=&#8221;|||&#8221;][et_pb_text admin_label=&#8221;Texto &#8211; Nuestros servicios&#8221; _builder_version=&#8221;4.6.6&#8243; header_text_color=&#8221;#868686&#8243; header_font_size=&#8221;36px&#8221;]<\/p>\n<p style=\"text-align: center;\"><b>Els nostres serveis<\/b><\/p>\n<p>[\/et_pb_text][\/et_pb_column][\/et_pb_row][et_pb_row column_structure=&#8221;1_4,1_4,1_4,1_4&#8243; _builder_version=&#8221;3.25&#8243; background_size=&#8221;initial&#8221; background_position=&#8221;top_left&#8221; background_repeat=&#8221;repeat&#8221;][et_pb_column type=&#8221;1_4&#8243; _builder_version=&#8221;3.25&#8243; custom_padding=&#8221;|||&#8221; custom_padding__hover=&#8221;|||&#8221;][et_pb_blurb title=&#8221;RGPD y LOPD&#8221; url=&#8221;\/rgpd&#8221; image=&#8221;https:\/\/anima-lopd.com\/wp-content\/uploads\/2018\/07\/iconos_01.png&#8221; _builder_version=&#8221;4.6.6&#8243; header_text_align=&#8221;center&#8221; header_font_size=&#8221;16&#8243; body_font_size=&#8221;16&#8243; text_orientation=&#8221;center&#8221;]<\/p>\n<p style=\"text-align: center;\">Adaptaci\u00f3 RGPD i LOPD, Auditoria RGPD i LOPD, Manteniment RGPD i LOPD, Codi de Conducta<\/p>\n<p>[\/et_pb_blurb][\/et_pb_column][et_pb_column type=&#8221;1_4&#8243; _builder_version=&#8221;3.25&#8243; custom_padding=&#8221;|||&#8221; custom_padding__hover=&#8221;|||&#8221;][et_pb_blurb title=&#8221;LSSI-CE&#8221; url=&#8221;\/lssi-ce&#8221; image=&#8221;https:\/\/anima-lopd.com\/wp-content\/uploads\/2018\/07\/iconos-02.png&#8221; _builder_version=&#8221;4.6.6&#8243; header_text_align=&#8221;center&#8221; header_font_size=&#8221;16&#8243; body_font_size=&#8221;16&#8243; text_orientation=&#8221;center&#8221;]<\/p>\n<p>Adaptaci\u00f3 LSSI-CE, Av\u00eds de Cookies, Protocols per l\u2019enviament de publicitat<\/p>\n<p>[\/et_pb_blurb][\/et_pb_column][et_pb_column type=&#8221;1_4&#8243; _builder_version=&#8221;3.25&#8243; custom_padding=&#8221;|||&#8221; custom_padding__hover=&#8221;|||&#8221;][et_pb_blurb title=&#8221;PROPIETAT INTEL.LECTUAL&#8221; url=&#8221;\/propiedad-industrial\/&#8221; image=&#8221;https:\/\/anima-lopd.com\/wp-content\/uploads\/2018\/07\/iconos-03.png&#8221; _builder_version=&#8221;4.6.6&#8243; header_text_align=&#8221;center&#8221; header_font_size=&#8221;16&#8243; body_font_size=&#8221;16&#8243; text_orientation=&#8221;center&#8221;]<\/p>\n<p>Patents, Marques, Drets d\u2019autor, Registre de Software, Contractes Tecnol\u00f2gics<\/p>\n<p>[\/et_pb_blurb][\/et_pb_column][et_pb_column type=&#8221;1_4&#8243; _builder_version=&#8221;3.25&#8243; custom_padding=&#8221;|||&#8221; custom_padding__hover=&#8221;|||&#8221;][et_pb_blurb title=&#8221;COMPLIANCE&#8221; url=&#8221;\/compliance\/&#8221; image=&#8221;https:\/\/anima-lopd.com\/wp-content\/uploads\/2018\/07\/iconos-04.png&#8221; _builder_version=&#8221;4.6.6&#8243; header_text_align=&#8221;center&#8221; text_orientation=&#8221;center&#8221;]<\/p>\n<p style=\"text-align: center;\">Mapa de registres, Adaptaci\u00f3, Auditoria, Codi \u00c8tic<\/p>\n<p>[\/et_pb_blurb][\/et_pb_column][\/et_pb_row][\/et_pb_section][et_pb_section fb_built=&#8221;1&#8243; admin_label=&#8221;Newsletter&#8221; _builder_version=&#8221;3.22&#8243; background_color=&#8221;rgba(0,0,0,0.5)&#8221; background_image=&#8221;https:\/\/anima-lopd.com\/wp-content\/uploads\/2018\/08\/pexels-photo-1109543.jpeg&#8221; background_blend=&#8221;color&#8221; custom_padding=&#8221;120px||120px|&#8221;][et_pb_row _builder_version=&#8221;3.25&#8243; custom_margin=&#8221;|||&#8221;][et_pb_column type=&#8221;4_4&#8243; _builder_version=&#8221;3.25&#8243; custom_padding=&#8221;|||&#8221; custom_padding__hover=&#8221;|||&#8221;][et_pb_text admin_label=&#8221;CTA Section Subtitle&#8221; _builder_version=&#8221;4.6.6&#8243; text_font=&#8221;Bitter|700||on|||||&#8221; text_font_size=&#8221;25px&#8221; text_letter_spacing=&#8221;4px&#8221; background_layout=&#8221;dark&#8221; module_alignment=&#8221;center&#8221; animation_style=&#8221;zoom&#8221; animation_intensity_zoom=&#8221;20%&#8221;]<\/p>\n<p>La nostra Newsletter<\/p>\n<p>[\/et_pb_text][et_pb_divider show_divider=&#8221;off&#8221; disabled_on=&#8221;on|on|off%22&#8243; _builder_version=&#8221;3.2&#8243; max_width=&#8221;150px&#8221; module_alignment=&#8221;left&#8221; height=&#8221;false&#8221; animation_style=&#8221;zoom&#8221; animation_delay=&#8221;200ms&#8221; animation_intensity_zoom=&#8221;20%&#8221; locked=&#8221;off&#8221;][\/et_pb_divider][et_pb_code text_orientation=&#8221;left&#8221;][mc4wp_form id=&#8221;219&#8243;][\/et_pb_code][\/et_pb_column][\/et_pb_row][\/et_pb_section]<\/p>\n","protected":false},"excerpt":{"rendered":"<p>Protegeixi l&#8217;\u00e0nima de la seva empresaEls nostres serveisAdaptaci\u00f3 RGPD i LOPD, Auditoria RGPD i LOPD, Manteniment RGPD i LOPD, Codi de ConductaAdaptaci\u00f3 LSSI-CE, Av\u00eds de Cookies, Protocols per l\u2019enviament de publicitatPatents, Marques, Drets d\u2019autor, Registre de Software, Contractes Tecnol\u00f2gicsMapa de registres, Adaptaci\u00f3, Auditoria, Codi \u00c8ticLa nostra Newsletter[mc4wp_form id=&#8221;219&#8243;]<\/p>\n","protected":false},"author":2,"featured_media":0,"parent":0,"menu_order":0,"comment_status":"closed","ping_status":"closed","template":"","meta":{"_et_pb_use_builder":"on","_et_pb_old_content":"","_et_gb_content_width":""},"acf":[],"_links":{"self":[{"href":"https:\/\/anima-lopd.com\/ca\/wp-json\/wp\/v2\/pages\/1405"}],"collection":[{"href":"https:\/\/anima-lopd.com\/ca\/wp-json\/wp\/v2\/pages"}],"about":[{"href":"https:\/\/anima-lopd.com\/ca\/wp-json\/wp\/v2\/types\/page"}],"author":[{"embeddable":true,"href":"https:\/\/anima-lopd.com\/ca\/wp-json\/wp\/v2\/users\/2"}],"replies":[{"embeddable":true,"href":"https:\/\/anima-lopd.com\/ca\/wp-json\/wp\/v2\/comments?post=1405"}],"version-history":[{"count":10,"href":"https:\/\/anima-lopd.com\/ca\/wp-json\/wp\/v2\/pages\/1405\/revisions"}],"predecessor-version":[{"id":1823,"href":"https:\/\/anima-lopd.com\/ca\/wp-json\/wp\/v2\/pages\/1405\/revisions\/1823"}],"wp:attachment":[{"href":"https:\/\/anima-lopd.com\/ca\/wp-json\/wp\/v2\/media?parent=1405"}],"curies":[{"name":"wp","href":"https:\/\/api.w.org\/{rel}","templated":true}]}}