{"id":1407,"date":"2018-07-23T11:42:58","date_gmt":"2018-07-23T09:42:58","guid":{"rendered":"https:\/\/anima-lopd.com\/?page_id=1407"},"modified":"2023-04-24T11:00:46","modified_gmt":"2023-04-24T09:00:46","slug":"anima","status":"publish","type":"page","link":"https:\/\/anima-lopd.com\/ca\/anima\/","title":{"rendered":"ANIMA"},"content":{"rendered":"<p>[et_pb_section fb_built=&#8221;1&#8243; _builder_version=&#8221;4.9.10&#8243; _module_preset=&#8221;default&#8221; background_enable_color=&#8221;off&#8221; use_background_color_gradient=&#8221;on&#8221; background_color_gradient_start=&#8221;rgba(179,214,74,0.36)&#8221; background_color_gradient_end=&#8221;#b4d524&#8243; background_color_gradient_direction=&#8221;181deg&#8221; background_color_gradient_overlays_image=&#8221;on&#8221; background_image=&#8221;https:\/\/anima-lopd.com\/wp-content\/uploads\/2021\/10\/pexels-sora-shimazaki-5673488-1-scaled-1.jpg&#8221; custom_padding=&#8221;|||0px||&#8221; locked=&#8221;off&#8221; global_colors_info=&#8221;{}&#8221;][et_pb_row _builder_version=&#8221;4.9.10&#8243; _module_preset=&#8221;default&#8221; global_colors_info=&#8221;{}&#8221;][et_pb_column type=&#8221;4_4&#8243; _builder_version=&#8221;4.9.10&#8243; _module_preset=&#8221;default&#8221; animation_style=&#8221;slide&#8221; animation_direction=&#8221;left&#8221; animation_duration=&#8221;1600ms&#8221; animation_intensity_slide=&#8221;12%&#8221; animation_starting_opacity=&#8221;6%&#8221; global_colors_info=&#8221;{}&#8221;][et_pb_text _builder_version=&#8221;4.9.10&#8243; _module_preset=&#8221;default&#8221; text_text_color=&#8221;#000000&#8243; header_font=&#8221;Comfortaa||||||||&#8221; header_text_color=&#8221;rgba(0,0,0,0.73)&#8221; background_color=&#8221;RGBA(0,0,0,0)&#8221; background_enable_image=&#8221;off&#8221; parallax=&#8221;on&#8221; global_colors_info=&#8221;{}&#8221;]<\/p>\n<h1 style=\"text-align: center;\">\u00bfQu\u00e9 es<strong> ANIMA?<\/strong><\/h1>\n<p>[\/et_pb_text][\/et_pb_column][\/et_pb_row][et_pb_row _builder_version=&#8221;4.9.10&#8243; _module_preset=&#8221;default&#8221; locked=&#8221;off&#8221; global_colors_info=&#8221;{}&#8221;][et_pb_column type=&#8221;4_4&#8243; _builder_version=&#8221;4.9.10&#8243; _module_preset=&#8221;default&#8221; animation_style=&#8221;slide&#8221; animation_direction=&#8221;left&#8221; animation_duration=&#8221;1600ms&#8221; animation_intensity_slide=&#8221;12%&#8221; animation_starting_opacity=&#8221;6%&#8221; global_colors_info=&#8221;{}&#8221;][et_pb_text _builder_version=&#8221;4.9.10&#8243; _module_preset=&#8221;default&#8221; text_font=&#8221;Comfortaa||||||||&#8221; text_text_color=&#8221;#000000&#8243; text_font_size=&#8221;15px&#8221; global_colors_info=&#8221;{}&#8221;]<\/p>\n<p class=\"p1\" style=\"text-align: center;\">En Anima nos preocupamos por la seguridad de sus datos. Trabajamos para que su negocio est\u00e9<strong> seguro al 100%<\/strong> para que usted se pueda dedicar solamente a lo que interesa:<strong> su actividad.<\/strong><\/p>\n<p class=\"p1\" style=\"text-align: center;\">Nos encargamos de todos los tr\u00e1mites, registros, contratos, documentos, as\u00ed como de mantener su adaptaci\u00f3n actualizada en todo momento. Somos la \u00fanica empresa de protecci\u00f3n de datos en la que todos los consultores est\u00e1n licenciados en derecho. Para nosotros, la formaci\u00f3n y el preparo son imprescindibles para <strong>prestar un buen servicio.<\/strong><\/p>\n<p>[\/et_pb_text][\/et_pb_column][\/et_pb_row][\/et_pb_section][et_pb_section fb_built=&#8221;1&#8243; _builder_version=&#8221;4.9.10&#8243; _module_preset=&#8221;default&#8221; custom_padding=&#8221;2px|||||&#8221; animation_style=&#8221;slide&#8221; animation_direction=&#8221;bottom&#8221; animation_duration=&#8221;1600ms&#8221; animation_intensity_slide=&#8221;12%&#8221; animation_starting_opacity=&#8221;6%&#8221; global_colors_info=&#8221;{}&#8221;][et_pb_row column_structure=&#8221;1_3,1_3,1_3&#8243; _builder_version=&#8221;4.9.10&#8243; _module_preset=&#8221;default&#8221; animation_style=&#8221;slide&#8221; animation_direction=&#8221;bottom&#8221; animation_duration=&#8221;1600ms&#8221; animation_intensity_slide=&#8221;12%&#8221; animation_starting_opacity=&#8221;6%&#8221; global_colors_info=&#8221;{}&#8221;][et_pb_column type=&#8221;1_3&#8243; _builder_version=&#8221;4.9.10&#8243; _module_preset=&#8221;default&#8221; global_colors_info=&#8221;{}&#8221;][et_pb_text _builder_version=&#8221;4.9.10&#8243; _module_preset=&#8221;default&#8221; header_font=&#8221;Comfortaa||||||||&#8221; header_3_font=&#8221;Comfortaa||||||||&#8221; header_3_text_color=&#8221;#b4d524&#8243; global_colors_info=&#8221;{}&#8221;]<\/p>\n<h3>01. PROFESIONALIDAD<\/h3>\n<p>[\/et_pb_text][et_pb_text _builder_version=&#8221;4.9.10&#8243; _module_preset=&#8221;default&#8221; text_font=&#8221;Comfortaa||||||||&#8221; global_colors_info=&#8221;{}&#8221;]<\/p>\n<p>El equipo ANIMA cuenta con agentes, consultores, auditores, abogados, tutores y t\u00e9cnicos especializados en derecho de las nuevas tecnolog\u00edas que le ayudar\u00e1n a dar cumplimiento a las exigencias de la normativa, ofreci\u00e9ndole las soluciones m\u00e1s id\u00f3neas ante cada necesidad.<\/p>\n<p>[\/et_pb_text][\/et_pb_column][et_pb_column type=&#8221;1_3&#8243; _builder_version=&#8221;4.9.10&#8243; _module_preset=&#8221;default&#8221; global_colors_info=&#8221;{}&#8221;][et_pb_text _builder_version=&#8221;4.9.10&#8243; _module_preset=&#8221;default&#8221; header_font=&#8221;Comfortaa||||||||&#8221; header_3_font=&#8221;Comfortaa||||||||&#8221; header_3_text_color=&#8221;#b4d524&#8243; global_colors_info=&#8221;{}&#8221;]<\/p>\n<h3>02. ESPECIALIZACI\u00d3N<\/h3>\n<p>[\/et_pb_text][et_pb_text _builder_version=&#8221;4.9.10&#8243; _module_preset=&#8221;default&#8221; text_font=&#8221;Comfortaa||||||||&#8221; global_colors_info=&#8221;{}&#8221;]<\/p>\n<p>Los profesionales de ANIMA se dedican exclusivamente al derecho de las nuevas tecnolog\u00edas, destacando especialmente en el campo de la protecci\u00f3n de datos.<\/p>\n<p>[\/et_pb_text][\/et_pb_column][et_pb_column type=&#8221;1_3&#8243; _builder_version=&#8221;4.9.10&#8243; _module_preset=&#8221;default&#8221; global_colors_info=&#8221;{}&#8221;][et_pb_text _builder_version=&#8221;4.9.10&#8243; _module_preset=&#8221;default&#8221; header_font=&#8221;Comfortaa||||||||&#8221; header_3_font=&#8221;Comfortaa||||||||&#8221; header_3_text_color=&#8221;#b4d524&#8243; global_colors_info=&#8221;{}&#8221;]<\/p>\n<h3>03. CUMPLIMIENTO INTEGRAL<\/h3>\n<p>[\/et_pb_text][et_pb_text _builder_version=&#8221;4.9.10&#8243; _module_preset=&#8221;default&#8221; text_font=&#8221;Comfortaa||||||||&#8221; global_colors_info=&#8221;{}&#8221;]<\/p>\n<p>ANIMA le ofrece un completo abanico de soluciones y servicios jur\u00eddicos para responder a sus necesidades, sea una empresa, un aut\u00f3nomo, una comunidad de propietarios o una entidad sin \u00e1nimo de lucro.<\/p>\n<p>[\/et_pb_text][\/et_pb_column][\/et_pb_row][et_pb_row column_structure=&#8221;1_3,1_3,1_3&#8243; _builder_version=&#8221;4.9.10&#8243; _module_preset=&#8221;default&#8221; animation_style=&#8221;slide&#8221; animation_direction=&#8221;bottom&#8221; animation_duration=&#8221;1600ms&#8221; animation_intensity_slide=&#8221;12%&#8221; animation_starting_opacity=&#8221;6%&#8221; global_colors_info=&#8221;{}&#8221;][et_pb_column type=&#8221;1_3&#8243; _builder_version=&#8221;4.9.10&#8243; _module_preset=&#8221;default&#8221; global_colors_info=&#8221;{}&#8221;][et_pb_text _builder_version=&#8221;4.9.10&#8243; _module_preset=&#8221;default&#8221; header_font=&#8221;Comfortaa||||||||&#8221; header_3_font=&#8221;Comfortaa||||||||&#8221; header_3_text_color=&#8221;#b4d524&#8243; global_colors_info=&#8221;{}&#8221;]<\/p>\n<h3>04. M\u00cdNIMA INJERENCIA<\/h3>\n<p>[\/et_pb_text][et_pb_text _builder_version=&#8221;4.9.10&#8243; _module_preset=&#8221;default&#8221; text_font=&#8221;Comfortaa||||||||&#8221; global_colors_info=&#8221;{}&#8221;]<\/p>\n<p>ANIMA pone a su alcance disNntos procesos de adaptaci\u00f3n a la ley, pudiendo el cliente optar por el procedimiento que le resulte m\u00e1s c\u00f3modo para adecuarlo con la mayor facilidad posible a los procesos habituales de su empresa.<\/p>\n<p>[\/et_pb_text][\/et_pb_column][et_pb_column type=&#8221;1_3&#8243; _builder_version=&#8221;4.9.10&#8243; _module_preset=&#8221;default&#8221; global_colors_info=&#8221;{}&#8221;][et_pb_text _builder_version=&#8221;4.9.10&#8243; _module_preset=&#8221;default&#8221; header_font=&#8221;Comfortaa||||||||&#8221; header_3_font=&#8221;Comfortaa||||||||&#8221; header_3_text_color=&#8221;#b4d524&#8243; global_colors_info=&#8221;{}&#8221;]<\/p>\n<h3>05. FORMACI\u00d3N<\/h3>\n<p>[\/et_pb_text][et_pb_text _builder_version=&#8221;4.9.10&#8243; _module_preset=&#8221;default&#8221; text_font=&#8221;Comfortaa||||||||&#8221; global_colors_info=&#8221;{}&#8221;]<\/p>\n<p>En ANIMA no nos limitamos a adaptar su empresa, tambi\u00e9n formamos a sus empleados para que traten los datos de la empresa de acuerdo con los principios de la ley, evitando los riesgos que se podr\u00edan derivar de un tratamiento inapropiado de los mismos.<\/p>\n<p>[\/et_pb_text][\/et_pb_column][et_pb_column type=&#8221;1_3&#8243; _builder_version=&#8221;4.9.10&#8243; _module_preset=&#8221;default&#8221; global_colors_info=&#8221;{}&#8221;][et_pb_text _builder_version=&#8221;4.9.10&#8243; _module_preset=&#8221;default&#8221; header_font=&#8221;Comfortaa||||||||&#8221; header_3_font=&#8221;Comfortaa||||||||&#8221; header_3_text_color=&#8221;#b4d524&#8243; global_colors_info=&#8221;{}&#8221;]<\/p>\n<h3>06. FLEXIBILIDAD<\/h3>\n<p>[\/et_pb_text][et_pb_text _builder_version=&#8221;4.9.10&#8243; _module_preset=&#8221;default&#8221; text_font=&#8221;Comfortaa||||||||&#8221; global_colors_info=&#8221;{}&#8221;]<\/p>\n<p>Los consultores de ANIMA se adaptan a sus necesidades y horarios, amoldando el proceso de trabajo a las necesidades de su empresa a cada momento.<\/p>\n<p>[\/et_pb_text][\/et_pb_column][\/et_pb_row][et_pb_row column_structure=&#8221;1_3,1_3,1_3&#8243; _builder_version=&#8221;4.9.10&#8243; _module_preset=&#8221;default&#8221; animation_style=&#8221;slide&#8221; animation_direction=&#8221;bottom&#8221; animation_duration=&#8221;1600ms&#8221; animation_intensity_slide=&#8221;12%&#8221; animation_starting_opacity=&#8221;6%&#8221; global_colors_info=&#8221;{}&#8221;][et_pb_column type=&#8221;1_3&#8243; _builder_version=&#8221;4.9.10&#8243; _module_preset=&#8221;default&#8221; global_colors_info=&#8221;{}&#8221;][et_pb_text _builder_version=&#8221;4.9.10&#8243; _module_preset=&#8221;default&#8221; header_font=&#8221;Comfortaa||||||||&#8221; header_3_font=&#8221;Comfortaa||||||||&#8221; header_3_text_color=&#8221;#b4d524&#8243; global_colors_info=&#8221;{}&#8221;]<\/p>\n<h3>07. ASISTENCIA<\/h3>\n<p>[\/et_pb_text][et_pb_text _builder_version=&#8221;4.9.10&#8243; _module_preset=&#8221;default&#8221; text_font=&#8221;Comfortaa||||||||&#8221; global_colors_info=&#8221;{}&#8221;]<\/p>\n<p>ANIMA le brinda los servicios de sus abogados para asisNrle ante diversas eventualidades, como inspecciones de la AEPD o derechos ARCO ejercitados contra su empresa.<\/p>\n<p>[\/et_pb_text][\/et_pb_column][et_pb_column type=&#8221;1_3&#8243; _builder_version=&#8221;4.9.10&#8243; _module_preset=&#8221;default&#8221; global_colors_info=&#8221;{}&#8221;][et_pb_text _builder_version=&#8221;4.9.10&#8243; _module_preset=&#8221;default&#8221; header_font=&#8221;Comfortaa||||||||&#8221; header_3_font=&#8221;Comfortaa||||||||&#8221; header_3_text_color=&#8221;#b4d524&#8243; global_colors_info=&#8221;{}&#8221;]<\/p>\n<h3>08. PROTECCI\u00d3N<\/h3>\n<p>[\/et_pb_text][et_pb_text _builder_version=&#8221;4.9.10&#8243; _module_preset=&#8221;default&#8221; text_font=&#8221;Comfortaa||||||||&#8221; global_colors_info=&#8221;{}&#8221;]<\/p>\n<p>ANIMA le brinda los servicios de sus abogados para asisNrle ante diversas eventualidades, como inspecciones de la AEPD o derechos ARCO ejercitados contra su empresa.<\/p>\n<p>[\/et_pb_text][\/et_pb_column][et_pb_column type=&#8221;1_3&#8243; _builder_version=&#8221;4.9.10&#8243; _module_preset=&#8221;default&#8221; global_colors_info=&#8221;{}&#8221;][et_pb_text _builder_version=&#8221;4.9.10&#8243; _module_preset=&#8221;default&#8221; header_font=&#8221;Comfortaa||||||||&#8221; header_3_font=&#8221;Comfortaa||||||||&#8221; header_3_text_color=&#8221;#b4d524&#8243; global_colors_info=&#8221;{}&#8221;]<\/p>\n<h3>09. CERTIFICADO<\/h3>\n<p>[\/et_pb_text][et_pb_text _builder_version=&#8221;4.9.10&#8243; _module_preset=&#8221;default&#8221; text_font=&#8221;Comfortaa||||||||&#8221; global_colors_info=&#8221;{}&#8221;]<\/p>\n<p>ANIMA le entregar\u00e1 al final de la adaptaci\u00f3n un cerNficado de cumplimiento de la normaNva de protecci\u00f3n de datos que a\u00f1adir\u00e1 valor y seriedad a su empresa de caras a sus clientes, proveedores y trabajadores.<\/p>\n<p>[\/et_pb_text][\/et_pb_column][\/et_pb_row][\/et_pb_section][et_pb_section fb_built=&#8221;1&#8243; _builder_version=&#8221;4.5.7&#8243; _module_preset=&#8221;default&#8221; use_background_color_gradient=&#8221;on&#8221; background_color_gradient_start=&#8221;rgba(180,213,36,0.93)&#8221; background_color_gradient_end=&#8221;#b4d524&#8243; background_color_gradient_overlays_image=&#8221;on&#8221; background_image=&#8221;https:\/\/anima-lopd.com\/wp-content\/uploads\/2021\/10\/cta.jpg&#8221; custom_padding=&#8221;||48px|||&#8221; locked=&#8221;off&#8221; global_colors_info=&#8221;{}&#8221;][et_pb_row _builder_version=&#8221;4.5.7&#8243; _module_preset=&#8221;default&#8221; global_colors_info=&#8221;{}&#8221;][et_pb_column type=&#8221;4_4&#8243; _builder_version=&#8221;4.5.7&#8243; _module_preset=&#8221;default&#8221; global_colors_info=&#8221;{}&#8221;][et_pb_text _builder_version=&#8221;4.11.3&#8243; _module_preset=&#8221;default&#8221; text_font=&#8221;Comfortaa|300|||||||&#8221; text_text_color=&#8221;#ffffff&#8221; text_font_size=&#8221;50px&#8221; hover_enabled=&#8221;0&#8243; text_font_size_tablet=&#8221;&#8221; text_font_size_phone=&#8221;41px&#8221; text_font_size_last_edited=&#8221;on|desktop&#8221; global_colors_info=&#8221;{}&#8221; sticky_enabled=&#8221;0&#8243;]<\/p>\n<p style=\"text-align: center;\">\u00bfLe asesoramos?<\/p>\n<p>[\/et_pb_text][et_pb_button button_url=&#8221;#contacto&#8221; button_text=&#8221;CONTACTAR&#8221; button_alignment=&#8221;center&#8221; button_alignment_tablet=&#8221;center&#8221; button_alignment_phone=&#8221;&#8221; button_alignment_last_edited=&#8221;on|phone&#8221; _builder_version=&#8221;4.9.10&#8243; _module_preset=&#8221;default&#8221; custom_button=&#8221;on&#8221; button_text_size=&#8221;14px&#8221; button_text_color=&#8221;#b4d524&#8243; button_bg_color=&#8221;#ffffff&#8221; button_border_width=&#8221;0px&#8221; button_border_radius=&#8221;56px&#8221; button_letter_spacing=&#8221;0.4em&#8221; button_font=&#8221;Comfortaa|700||on|||||&#8221; position_origin_a=&#8221;center_right&#8221; position_origin_a_last_edited=&#8221;off|desktop&#8221; position_origin_f_last_edited=&#8221;off|desktop&#8221; position_origin_r_last_edited=&#8221;off|desktop&#8221; custom_margin=&#8221;||||false|false&#8221; custom_margin_tablet=&#8221;&#8221; custom_margin_phone=&#8221;||21px||false|false&#8221; custom_margin_last_edited=&#8221;on|phone&#8221; custom_padding=&#8221;16px|32px|16px|32px|true|true&#8221; custom_padding_tablet=&#8221;10px|40px|10px|40px|true|true&#8221; custom_padding_phone=&#8221;&#8221; custom_padding_last_edited=&#8221;on|tablet&#8221; positioning_tablet=&#8221;none&#8221; positioning_last_edited=&#8221;off|desktop&#8221; box_shadow_style=&#8221;preset3&#8243; box_shadow_spread=&#8221;-16px&#8221; locked=&#8221;off&#8221; global_colors_info=&#8221;{}&#8221;][\/et_pb_button][\/et_pb_column][\/et_pb_row][\/et_pb_section]<\/p>\n","protected":false},"excerpt":{"rendered":"<p>\u00bfQu\u00e9 es ANIMA?En Anima nos preocupamos por la seguridad de sus datos. Trabajamos para que su negocio est\u00e9 seguro al 100% para que usted se pueda dedicar solamente a lo que interesa: su actividad. Nos encargamos de todos los tr\u00e1mites, registros, contratos, documentos, as\u00ed como de mantener su adaptaci\u00f3n actualizada en todo momento. Somos la [&hellip;]<\/p>\n","protected":false},"author":2,"featured_media":0,"parent":0,"menu_order":0,"comment_status":"closed","ping_status":"closed","template":"","meta":{"_et_pb_use_builder":"on","_et_pb_old_content":"","_et_gb_content_width":""},"acf":[],"_links":{"self":[{"href":"https:\/\/anima-lopd.com\/ca\/wp-json\/wp\/v2\/pages\/1407"}],"collection":[{"href":"https:\/\/anima-lopd.com\/ca\/wp-json\/wp\/v2\/pages"}],"about":[{"href":"https:\/\/anima-lopd.com\/ca\/wp-json\/wp\/v2\/types\/page"}],"author":[{"embeddable":true,"href":"https:\/\/anima-lopd.com\/ca\/wp-json\/wp\/v2\/users\/2"}],"replies":[{"embeddable":true,"href":"https:\/\/anima-lopd.com\/ca\/wp-json\/wp\/v2\/comments?post=1407"}],"version-history":[{"count":12,"href":"https:\/\/anima-lopd.com\/ca\/wp-json\/wp\/v2\/pages\/1407\/revisions"}],"predecessor-version":[{"id":230474,"href":"https:\/\/anima-lopd.com\/ca\/wp-json\/wp\/v2\/pages\/1407\/revisions\/230474"}],"wp:attachment":[{"href":"https:\/\/anima-lopd.com\/ca\/wp-json\/wp\/v2\/media?parent=1407"}],"curies":[{"name":"wp","href":"https:\/\/api.w.org\/{rel}","templated":true}]}}