{"id":1456,"date":"2018-07-26T09:39:52","date_gmt":"2018-07-26T07:39:52","guid":{"rendered":"https:\/\/anima-lopd.com\/rgpd\/"},"modified":"2021-10-19T16:13:31","modified_gmt":"2021-10-19T14:13:31","slug":"rgpd","status":"publish","type":"page","link":"https:\/\/anima-lopd.com\/ca\/rgpd\/","title":{"rendered":"RGPD"},"content":{"rendered":"<p>[et_pb_section fb_built=&#8221;1&#8243; _builder_version=&#8221;4.9.10&#8243; _module_preset=&#8221;default&#8221; use_background_color_gradient=&#8221;on&#8221; background_color_gradient_start=&#8221;rgba(255,255,255,0.51)&#8221; background_color_gradient_end=&#8221;#ffffff&#8221; background_color_gradient_overlays_image=&#8221;on&#8221; background_image=&#8221;https:\/\/anima-lopd.com\/wp-content\/uploads\/2021\/10\/pexels-andrea-piacquadio-3760067-1-min-scaled-1.jpg&#8221; custom_padding=&#8221;||5px|||&#8221; hover_transition_duration=&#8221;50ms&#8221; background_last_edited=&#8221;on|phone&#8221; background_enable_image_phone=&#8221;off&#8221; box_shadow_style=&#8221;preset3&#8243; box_shadow_spread=&#8221;-22px&#8221; locked=&#8221;off&#8221; global_colors_info=&#8221;{}&#8221;][et_pb_row _builder_version=&#8221;4.9.10&#8243; _module_preset=&#8221;default&#8221; global_colors_info=&#8221;{}&#8221;][et_pb_column type=&#8221;4_4&#8243; _builder_version=&#8221;4.9.10&#8243; _module_preset=&#8221;default&#8221; animation_style=&#8221;slide&#8221; animation_direction=&#8221;left&#8221; animation_duration=&#8221;1600ms&#8221; animation_intensity_slide=&#8221;12%&#8221; animation_starting_opacity=&#8221;6%&#8221; global_colors_info=&#8221;{}&#8221;][et_pb_text _builder_version=&#8221;4.9.10&#8243; _module_preset=&#8221;default&#8221; header_font=&#8221;Comfortaa||||||||&#8221; global_colors_info=&#8221;{}&#8221;]<\/p>\n<h1 style=\"text-align: center;\">RGPD<\/h1>\n<p>[\/et_pb_text][et_pb_divider color=&#8221;#7a7a7a&#8221; divider_weight=&#8221;1px&#8221; divider_weight_tablet=&#8221;&#8221; divider_weight_phone=&#8221;&#8221; divider_weight_last_edited=&#8221;on|desktop&#8221; _builder_version=&#8221;4.9.10&#8243; _module_preset=&#8221;default&#8221; width=&#8221;10%&#8221; width_tablet=&#8221;&#8221; width_phone=&#8221;&#8221; width_last_edited=&#8221;on|desktop&#8221; module_alignment=&#8221;center&#8221; global_colors_info=&#8221;{}&#8221;][\/et_pb_divider][\/et_pb_column][\/et_pb_row][et_pb_row column_structure=&#8221;1_2,1_2&#8243; use_custom_gutter=&#8221;on&#8221; gutter_width=&#8221;1&#8243; make_equal=&#8221;on&#8221; _builder_version=&#8221;4.9.10&#8243; _module_preset=&#8221;default&#8221; custom_margin=&#8221;9px||||false|false&#8221; custom_margin_tablet=&#8221;&#8221; custom_margin_phone=&#8221;&#8221; custom_margin_last_edited=&#8221;on|desktop&#8221; locked=&#8221;off&#8221; global_colors_info=&#8221;{}&#8221;][et_pb_column type=&#8221;1_2&#8243; _builder_version=&#8221;4.9.10&#8243; _module_preset=&#8221;default&#8221; animation_style=&#8221;slide&#8221; animation_direction=&#8221;left&#8221; animation_duration=&#8221;1600ms&#8221; animation_intensity_slide=&#8221;12%&#8221; animation_starting_opacity=&#8221;6%&#8221; global_colors_info=&#8221;{}&#8221;][et_pb_image src=&#8221;https:\/\/anima-lopd.com\/wp-content\/uploads\/2021\/10\/rgpd-icono.png&#8221; title_text=&#8221;rgpd-icono&#8221; align=&#8221;center&#8221; _builder_version=&#8221;4.9.10&#8243; _module_preset=&#8221;default&#8221; width=&#8221;28%&#8221; width_tablet=&#8221;&#8221; width_phone=&#8221;42%&#8221; width_last_edited=&#8221;on|desktop&#8221; module_alignment=&#8221;center&#8221; custom_margin=&#8221;-49px||||false|false&#8221; custom_margin_tablet=&#8221;&#8221; custom_margin_phone=&#8221;-76px||-4px||false|false&#8221; custom_margin_last_edited=&#8221;on|desktop&#8221; global_colors_info=&#8221;{}&#8221;][\/et_pb_image][\/et_pb_column][et_pb_column type=&#8221;1_2&#8243; _builder_version=&#8221;4.5.7&#8243; _module_preset=&#8221;default&#8221; global_colors_info=&#8221;{}&#8221;][et_pb_text _builder_version=&#8221;4.9.10&#8243; _module_preset=&#8221;default&#8221; text_font=&#8221;Comfortaa||||||||&#8221; text_text_color=&#8221;#545454&#8243; text_font_size=&#8221;15px&#8221; custom_margin=&#8221;6px||||false|false&#8221; custom_margin_tablet=&#8221;&#8221; custom_margin_phone=&#8221;&#8221; custom_margin_last_edited=&#8221;on|desktop&#8221; animation_style=&#8221;slide&#8221; animation_direction=&#8221;right&#8221; animation_duration=&#8221;1600ms&#8221; animation_intensity_slide=&#8221;12%&#8221; animation_starting_opacity=&#8221;6%&#8221; global_colors_info=&#8221;{}&#8221;]<\/p>\n<p class=\"p1\">Asesoramos y adaptamos su negocio. En el nuevo Reglamento UE 2016\/679, el Reglamento General de Protecci\u00f3n de Datos que se aprob\u00f3 el 25 de mayo de 2016, v\u00e1lido desde el 25 de mayo de 2018.<\/p>\n<p>[\/et_pb_text][\/et_pb_column][\/et_pb_row][\/et_pb_section][et_pb_section fb_built=&#8221;1&#8243; _builder_version=&#8221;4.9.10&#8243; _module_preset=&#8221;default&#8221; custom_padding=&#8221;2px||2px|||&#8221; animation_style=&#8221;slide&#8221; animation_direction=&#8221;bottom&#8221; animation_duration=&#8221;1600ms&#8221; animation_intensity_slide=&#8221;12%&#8221; animation_starting_opacity=&#8221;6%&#8221; locked=&#8221;off&#8221; global_colors_info=&#8221;{}&#8221;][et_pb_row _builder_version=&#8221;4.5.7&#8243; _module_preset=&#8221;default&#8221; global_colors_info=&#8221;{}&#8221;][et_pb_column type=&#8221;4_4&#8243; _builder_version=&#8221;4.5.7&#8243; _module_preset=&#8221;default&#8221; global_colors_info=&#8221;{}&#8221;][et_pb_text _builder_version=&#8221;4.9.10&#8243; _module_preset=&#8221;default&#8221; header_font=&#8221;|300|||||||&#8221; header_2_font=&#8221;Comfortaa|300|||||||&#8221; global_colors_info=&#8221;{}&#8221;]<\/p>\n<h2 style=\"text-align: center;\">\u00bfQui\u00e9n lo tiene <strong>que cumplir<\/strong>?<\/h2>\n<p>[\/et_pb_text][et_pb_text _builder_version=&#8221;4.11.2&#8243; _module_preset=&#8221;default&#8221; text_font=&#8221;Comfortaa||||||||&#8221; custom_margin=&#8221;6px||||false|false&#8221; custom_margin_tablet=&#8221;&#8221; custom_margin_phone=&#8221;&#8221; custom_margin_last_edited=&#8221;on|desktop&#8221; animation_direction=&#8221;right&#8221; hover_enabled=&#8221;0&#8243; global_colors_info=&#8221;{}&#8221; sticky_enabled=&#8221;0&#8243;]<\/p>\n<p class=\"p1\" style=\"text-align: justify;\">Este servicio va dirigido a toda aquella <span class=\"s1\">empresa, aut\u00f3nomo, organizaci\u00f3n sin \u00e1nimo de lucro, administraci\u00f3n p\u00fablica o entidad cualquiera del sector p\u00fablico o privado <\/span>que en el desarrollo de su actividad trate o pueda tratar datos de car\u00e1cter personal.<\/p>\n<p>[\/et_pb_text][et_pb_text _builder_version=&#8221;4.9.10&#8243; _module_preset=&#8221;default&#8221; header_font=&#8221;|300|||||||&#8221; header_2_font=&#8221;Comfortaa|300|||||||&#8221; locked=&#8221;off&#8221; global_colors_info=&#8221;{}&#8221;]<\/p>\n<h2 style=\"text-align: center;\">\u00bfEn qu\u00e9 <strong>consiste<\/strong>?<\/h2>\n<p>[\/et_pb_text][\/et_pb_column][\/et_pb_row][\/et_pb_section][et_pb_section fb_built=&#8221;1&#8243; _builder_version=&#8221;4.9.10&#8243; _module_preset=&#8221;default&#8221; custom_padding=&#8221;2px|||||&#8221; animation_direction=&#8221;bottom&#8221; locked=&#8221;off&#8221; global_colors_info=&#8221;{}&#8221;][et_pb_row column_structure=&#8221;1_2,1_2&#8243; _builder_version=&#8221;4.9.10&#8243; _module_preset=&#8221;default&#8221; global_colors_info=&#8221;{}&#8221;][et_pb_column type=&#8221;1_2&#8243; _builder_version=&#8221;4.9.10&#8243; _module_preset=&#8221;default&#8221; global_colors_info=&#8221;{}&#8221;][et_pb_cta title=&#8221;01. ADAPTACI\u00d3N RGPD&#8221; button_text=&#8221;Click Here&#8221; _builder_version=&#8221;4.11.2&#8243; _module_preset=&#8221;default&#8221; header_font=&#8221;Comfortaa||||||||&#8221; header_text_align=&#8221;left&#8221; body_font=&#8221;Comfortaa||||||||&#8221; background_color=&#8221;#a5a5a5&#8243; custom_margin=&#8221;0px||||false|false&#8221; custom_margin_tablet=&#8221;&#8221; custom_margin_phone=&#8221;&#8221; custom_margin_last_edited=&#8221;on|desktop&#8221; animation_style=&#8221;slide&#8221; animation_direction=&#8221;left&#8221; animation_duration=&#8221;1600ms&#8221; animation_intensity_slide=&#8221;12%&#8221; animation_starting_opacity=&#8221;6%&#8221; hover_enabled=&#8221;0&#8243; border_radii=&#8221;on|8px|8px|8px|8px&#8221; global_colors_info=&#8221;{}&#8221; sticky_enabled=&#8221;0&#8243;]<\/p>\n<p class=\"p1\" style=\"text-align: justify;\">Con el servicio de Adaptaci\u00f3n RGPD, ANIMA se encarga de realizar\u00a0<span class=\"s1\">todas las actuaciones jur\u00eddicas necesarias\u00a0<\/span>para asegurar que cumpla al 100% con el Reglamento General de Protecci\u00f3n de Datos.<\/p>\n<p class=\"p1\" style=\"text-align: justify;\"><strong>\u00bfQu\u00e9 servicios comprende la adaptaci\u00f3n RGPD?\u00a0<\/strong><\/p>\n<ol style=\"text-align: justify;\">\n<li>Consultor\u00eda y an\u00e1lisis de riesgo inicial.<\/li>\n<li>Idenficaci\u00f3n, mantenimiento, modificaci\u00f3n y supresi\u00f3n de ficheros en el Registro de Actividades de Tratamiento.<\/li>\n<li class=\"p1\">Realizaci\u00f3n de una Evaluaci\u00f3n de Impacto en el Tratamiento de los Datos, en el caso de que sea necesario, para determinar si el tratamiento entra\u00f1a alto riesgo para la seguridad de los datos.<\/li>\n<li class=\"p1\">Elaboraci\u00f3n y entrega del Documento de Seguridad.<\/li>\n<li class=\"p1\">Cumplimiento de los principios RGPD.<\/li>\n<\/ol>\n<ul style=\"text-align: justify;\">\n<li>Captaci\u00f3n de consenNmientos para el tratamiento de datos.<\/li>\n<li class=\"p1\">Ejercicio del deber de informaci\u00f3n a los titulares de datos.<\/li>\n<li class=\"p1\">Elaboraci\u00f3n de la documentaci\u00f3n de confidencialidad para los trabajadores.<\/li>\n<li class=\"p1\">Elaboraci\u00f3n de la documentaci\u00f3n para los clientes y proveedores.<\/li>\n<li class=\"p1\">Redacci\u00f3n de contratos de prestaci\u00f3n de servicios con terceros.<\/li>\n<li class=\"p1\">Elaboraci\u00f3n de la documentaci\u00f3n adicional.<\/li>\n<\/ul>\n<p style=\"text-align: justify;\">6. Entrega de un certificado de cumplimiento RGPD.<\/p>\n<p>[\/et_pb_cta][\/et_pb_column][et_pb_column type=&#8221;1_2&#8243; _builder_version=&#8221;4.9.10&#8243; _module_preset=&#8221;default&#8221; global_colors_info=&#8221;{}&#8221;][et_pb_image src=&#8221;https:\/\/anima-lopd.com\/wp-content\/uploads\/2021\/10\/proteccion_datos_personales_conversia-scaled-min.jpg&#8221; alt=&#8221;lopd,rgpd,protecci\u00f3n de datos, propiedad intelectual&#8221; title_text=&#8221;galeria rgpd&#8221; disabled_on=&#8221;on|off|off&#8221; _builder_version=&#8221;4.9.10&#8243; _module_preset=&#8221;default&#8221; animation_style=&#8221;slide&#8221; animation_direction=&#8221;right&#8221; animation_duration=&#8221;1600ms&#8221; animation_intensity_slide=&#8221;12%&#8221; animation_starting_opacity=&#8221;6%&#8221; border_radii=&#8221;on|7px|7px|7px|7px&#8221; global_colors_info=&#8221;{}&#8221;][\/et_pb_image][et_pb_image src=&#8221;https:\/\/anima-lopd.com\/wp-content\/uploads\/2021\/10\/pexels-scott-webb-430208-min-scaled-1.jpg&#8221; alt=&#8221;lopd,rgpd,protecci\u00f3n de datos, propiedad intelectual&#8221; title_text=&#8221;galeria rgpd&#8221; _builder_version=&#8221;4.9.10&#8243; _module_preset=&#8221;default&#8221; custom_margin=&#8221;100px|||||&#8221; animation_style=&#8221;slide&#8221; animation_direction=&#8221;right&#8221; animation_duration=&#8221;1600ms&#8221; animation_intensity_slide=&#8221;12%&#8221; animation_starting_opacity=&#8221;6%&#8221; border_radii=&#8221;on|7px|7px|7px|7px&#8221; global_colors_info=&#8221;{}&#8221;][\/et_pb_image][\/et_pb_column][\/et_pb_row][et_pb_row column_structure=&#8221;1_2,1_2&#8243; _builder_version=&#8221;4.9.10&#8243; _module_preset=&#8221;default&#8221; global_colors_info=&#8221;{}&#8221;][et_pb_column type=&#8221;1_2&#8243; _builder_version=&#8221;4.9.10&#8243; _module_preset=&#8221;default&#8221; global_colors_info=&#8221;{}&#8221;][et_pb_image src=&#8221;https:\/\/anima-lopd.com\/wp-content\/uploads\/2021\/10\/pexels-andrea-piacquadio-3760067-1-min-scaled-1.jpg&#8221; alt=&#8221;lopd,rgpd,protecci\u00f3n de datos, propiedad intelectual&#8221; title_text=&#8221;cover rgpd&#8221; _builder_version=&#8221;4.9.10&#8243; _module_preset=&#8221;default&#8221; animation_style=&#8221;slide&#8221; animation_direction=&#8221;left&#8221; animation_duration=&#8221;1600ms&#8221; animation_intensity_slide=&#8221;12%&#8221; animation_starting_opacity=&#8221;6%&#8221; border_radii=&#8221;on|7px|7px|7px|7px&#8221; global_colors_info=&#8221;{}&#8221;][\/et_pb_image][et_pb_image src=&#8221;https:\/\/anima-lopd.com\/wp-content\/uploads\/2021\/10\/pexels-pixabay-373584-min-scaled-1.jpg&#8221; alt=&#8221;lopd,rgpd,protecci\u00f3n de datos, propiedad intelectual&#8221; title_text=&#8221;cover lssi-ce&#8221; disabled_on=&#8221;on|off|off&#8221; _builder_version=&#8221;4.9.10&#8243; _module_preset=&#8221;default&#8221; custom_margin=&#8221;100px|||||&#8221; animation_style=&#8221;slide&#8221; animation_direction=&#8221;left&#8221; animation_duration=&#8221;1600ms&#8221; animation_intensity_slide=&#8221;12%&#8221; animation_starting_opacity=&#8221;6%&#8221; border_radii=&#8221;on|7px|7px|7px|7px&#8221; global_colors_info=&#8221;{}&#8221;][\/et_pb_image][\/et_pb_column][et_pb_column type=&#8221;1_2&#8243; _builder_version=&#8221;4.9.10&#8243; _module_preset=&#8221;default&#8221; global_colors_info=&#8221;{}&#8221;][et_pb_cta title=&#8221;02. AUDITORIA RGPD&#8221; button_text=&#8221;Click Here&#8221; _builder_version=&#8221;4.11.2&#8243; _module_preset=&#8221;default&#8221; header_font=&#8221;Comfortaa||||||||&#8221; header_text_align=&#8221;left&#8221; body_font=&#8221;Comfortaa||||||||&#8221; background_color=&#8221;#a5a5a5&#8243; custom_padding=&#8221;||0px||false|false&#8221; custom_padding_tablet=&#8221;&#8221; custom_padding_phone=&#8221;&#8221; custom_padding_last_edited=&#8221;on|desktop&#8221; animation_style=&#8221;slide&#8221; animation_direction=&#8221;right&#8221; animation_duration=&#8221;1600ms&#8221; animation_intensity_slide=&#8221;12%&#8221; animation_starting_opacity=&#8221;6%&#8221; hover_enabled=&#8221;0&#8243; border_radii=&#8221;on|7px|7px|7px|7px&#8221; global_colors_info=&#8221;{}&#8221; sticky_enabled=&#8221;0&#8243;]<\/p>\n<p class=\"p1\" style=\"text-align: justify;\">Desde ANIMA ofrecemos un servicio de auditoria completamente adaptado a lo requerido por el RGPD que integrar\u00e1:<\/p>\n<ol style=\"text-align: justify;\">\n<li class=\"p1\">Una\u00a0<strong>comprobaci\u00f3n in situ del estado real de su empresa<\/strong>, de las medidas t\u00e9cnicas y organizativas implementadas, desde el criterio seguido para el archivo de la documentaci\u00f3n hasta la seguridad de los sistemas inform\u00e1ticos.<\/li>\n<li class=\"p1\"><strong>Entrevistas personales\u00a0<\/strong>con el fin de conocer el grado de informaci\u00f3n del que disponen los trabajadores sobre las medidas de seguridad que deben tener en cuenta de acuerdo al tipo de dato que manejan y a la actividad que desarrollan.<\/li>\n<li class=\"p1\"><strong><span class=\"s1\">Un\u00a0<\/span>informe de auditor\u00eda\u00a0<span class=\"s1\">que incluye:<\/span><\/strong><\/li>\n<\/ol>\n<p class=\"p1\" style=\"text-align: justify;\">a) Un dictamen sobre la adecuaci\u00f3n de las medidas de seguridad y controles de cumplimiento de la Ley aplicadas en la empresa.<\/p>\n<p class=\"p1\" style=\"text-align: justify;\">b) La idenNficaci\u00f3n de las deficiencias del sistema.<\/p>\n<p class=\"p1\" style=\"text-align: justify;\">c) La propuesta de las medidas correctoras necesarias.<\/p>\n<p class=\"p1\" style=\"text-align: justify;\">d)Las recomendaciones propuestas para el mejor cumplimiento.<\/p>\n<p class=\"p1\" style=\"text-align: justify;\">Una vez realizada la auditoria se entregar\u00e1 un informe al responsable de seguridad de la empresa con las conclusiones y medidas correctivas propuestas a la empresa.<\/p>\n<ol>\n<li class=\"p1\" style=\"text-align: justify;\">MANTENIMIENTO<\/li>\n<li class=\"p1\" style=\"text-align: justify;\">CODIGO DE CONDUCTA<\/li>\n<li class=\"p1\" style=\"text-align: justify;\">VIDEOVIGILANCIA<\/li>\n<li class=\"p1\" style=\"text-align: justify;\">COMUNIDADES DE PROPIETARIOS<\/li>\n<\/ol>\n<p>[\/et_pb_cta][\/et_pb_column][\/et_pb_row][\/et_pb_section]<\/p>\n","protected":false},"excerpt":{"rendered":"<p>RGPDAsesoramos y adaptamos su negocio. En el nuevo Reglamento UE 2016\/679, el Reglamento General de Protecci\u00f3n de Datos que se aprob\u00f3 el 25 de mayo de 2016, v\u00e1lido desde el 25 de mayo de 2018.\u00bfQui\u00e9n lo tiene que cumplir?Este servicio va dirigido a toda aquella empresa, aut\u00f3nomo, organizaci\u00f3n sin \u00e1nimo de lucro, administraci\u00f3n p\u00fablica o [&hellip;]<\/p>\n","protected":false},"author":2,"featured_media":0,"parent":0,"menu_order":0,"comment_status":"closed","ping_status":"closed","template":"","meta":{"_et_pb_use_builder":"on","_et_pb_old_content":"","_et_gb_content_width":""},"acf":[],"_links":{"self":[{"href":"https:\/\/anima-lopd.com\/ca\/wp-json\/wp\/v2\/pages\/1456"}],"collection":[{"href":"https:\/\/anima-lopd.com\/ca\/wp-json\/wp\/v2\/pages"}],"about":[{"href":"https:\/\/anima-lopd.com\/ca\/wp-json\/wp\/v2\/types\/page"}],"author":[{"embeddable":true,"href":"https:\/\/anima-lopd.com\/ca\/wp-json\/wp\/v2\/users\/2"}],"replies":[{"embeddable":true,"href":"https:\/\/anima-lopd.com\/ca\/wp-json\/wp\/v2\/comments?post=1456"}],"version-history":[{"count":6,"href":"https:\/\/anima-lopd.com\/ca\/wp-json\/wp\/v2\/pages\/1456\/revisions"}],"predecessor-version":[{"id":223959,"href":"https:\/\/anima-lopd.com\/ca\/wp-json\/wp\/v2\/pages\/1456\/revisions\/223959"}],"wp:attachment":[{"href":"https:\/\/anima-lopd.com\/ca\/wp-json\/wp\/v2\/media?parent=1456"}],"curies":[{"name":"wp","href":"https:\/\/api.w.org\/{rel}","templated":true}]}}