{"id":1465,"date":"2018-07-26T09:31:03","date_gmt":"2018-07-26T07:31:03","guid":{"rendered":"https:\/\/anima-lopd.com\/lssi-ce\/"},"modified":"2021-10-19T16:14:45","modified_gmt":"2021-10-19T14:14:45","slug":"lssi-ce","status":"publish","type":"page","link":"https:\/\/anima-lopd.com\/ca\/lssi-ce\/","title":{"rendered":"LSSI-CE"},"content":{"rendered":"<p>[et_pb_section fb_built=&#8221;1&#8243; _builder_version=&#8221;4.9.10&#8243; _module_preset=&#8221;default&#8221; use_background_color_gradient=&#8221;on&#8221; background_color_gradient_start=&#8221;rgba(255,255,255,0.51)&#8221; background_color_gradient_end=&#8221;#ffffff&#8221; background_color_gradient_overlays_image=&#8221;on&#8221; background_image=&#8221;https:\/\/anima-lopd.com\/wp-content\/uploads\/2021\/10\/pexels-pixabay-373584-min-scaled-1.jpg&#8221; custom_padding=&#8221;||5px|||&#8221; hover_transition_duration=&#8221;50ms&#8221; background_last_edited=&#8221;on|phone&#8221; background_enable_image_phone=&#8221;off&#8221; box_shadow_style=&#8221;preset3&#8243; box_shadow_spread=&#8221;-22px&#8221; locked=&#8221;off&#8221; global_colors_info=&#8221;{}&#8221;][et_pb_row _builder_version=&#8221;4.9.10&#8243; _module_preset=&#8221;default&#8221; global_colors_info=&#8221;{}&#8221;][et_pb_column type=&#8221;4_4&#8243; _builder_version=&#8221;4.9.10&#8243; _module_preset=&#8221;default&#8221; animation_style=&#8221;slide&#8221; animation_direction=&#8221;left&#8221; animation_duration=&#8221;1600ms&#8221; animation_intensity_slide=&#8221;12%&#8221; animation_starting_opacity=&#8221;6%&#8221; global_colors_info=&#8221;{}&#8221;][et_pb_text _builder_version=&#8221;4.9.10&#8243; _module_preset=&#8221;default&#8221; header_font=&#8221;Comfortaa||||||||&#8221; global_colors_info=&#8221;{}&#8221;]<\/p>\n<h1 style=\"text-align: center;\">LSSI-CE<\/h1>\n<p>[\/et_pb_text][et_pb_divider color=&#8221;#7a7a7a&#8221; divider_weight=&#8221;1px&#8221; divider_weight_tablet=&#8221;&#8221; divider_weight_phone=&#8221;&#8221; divider_weight_last_edited=&#8221;on|desktop&#8221; _builder_version=&#8221;4.9.10&#8243; _module_preset=&#8221;default&#8221; width=&#8221;10%&#8221; width_tablet=&#8221;&#8221; width_phone=&#8221;&#8221; width_last_edited=&#8221;on|desktop&#8221; module_alignment=&#8221;center&#8221; global_colors_info=&#8221;{}&#8221;][\/et_pb_divider][\/et_pb_column][\/et_pb_row][et_pb_row column_structure=&#8221;1_2,1_2&#8243; use_custom_gutter=&#8221;on&#8221; gutter_width=&#8221;1&#8243; make_equal=&#8221;on&#8221; _builder_version=&#8221;4.9.10&#8243; _module_preset=&#8221;default&#8221; custom_margin=&#8221;9px||||false|false&#8221; custom_margin_tablet=&#8221;&#8221; custom_margin_phone=&#8221;&#8221; custom_margin_last_edited=&#8221;on|desktop&#8221; locked=&#8221;off&#8221; global_colors_info=&#8221;{}&#8221;][et_pb_column type=&#8221;1_2&#8243; _builder_version=&#8221;4.9.10&#8243; _module_preset=&#8221;default&#8221; animation_style=&#8221;slide&#8221; animation_direction=&#8221;left&#8221; animation_duration=&#8221;1600ms&#8221; animation_intensity_slide=&#8221;12%&#8221; animation_starting_opacity=&#8221;6%&#8221; global_colors_info=&#8221;{}&#8221;][et_pb_image src=&#8221;https:\/\/anima-lopd.com\/wp-content\/uploads\/2021\/10\/lssi-icono.png&#8221; title_text=&#8221;lssi-icono&#8221; align=&#8221;center&#8221; _builder_version=&#8221;4.9.10&#8243; _module_preset=&#8221;default&#8221; width=&#8221;28%&#8221; width_tablet=&#8221;&#8221; width_phone=&#8221;42%&#8221; width_last_edited=&#8221;on|desktop&#8221; module_alignment=&#8221;center&#8221; custom_margin=&#8221;-49px||||false|false&#8221; custom_margin_tablet=&#8221;&#8221; custom_margin_phone=&#8221;-76px||-4px||false|false&#8221; custom_margin_last_edited=&#8221;on|desktop&#8221; global_colors_info=&#8221;{}&#8221;][\/et_pb_image][\/et_pb_column][et_pb_column type=&#8221;1_2&#8243; _builder_version=&#8221;4.5.7&#8243; _module_preset=&#8221;default&#8221; global_colors_info=&#8221;{}&#8221;][et_pb_text _builder_version=&#8221;4.11.2&#8243; _module_preset=&#8221;default&#8221; text_font=&#8221;Comfortaa||||||||&#8221; text_text_color=&#8221;#545454&#8243; text_font_size=&#8221;15px&#8221; custom_margin=&#8221;6px||||false|false&#8221; custom_margin_tablet=&#8221;&#8221; custom_margin_phone=&#8221;&#8221; custom_margin_last_edited=&#8221;on|desktop&#8221; animation_style=&#8221;slide&#8221; animation_direction=&#8221;right&#8221; animation_duration=&#8221;1600ms&#8221; animation_intensity_slide=&#8221;12%&#8221; animation_starting_opacity=&#8221;6%&#8221; hover_enabled=&#8221;0&#8243; global_colors_info=&#8221;{}&#8221; sticky_enabled=&#8221;0&#8243;]<\/p>\n<p class=\"p1\" style=\"text-align: justify;\">Asesoramos y adaptamos su p\u00e1gina web a la LSSI (Ley 34\/2002, de 11 de julio, sobre servicios de la sociedad de la informaci\u00f3n y comercio electr\u00f3nico) m\u00e1s conocida como <strong>&#8220;Ley de Internet&#8221;<\/strong>, as\u00ed como otras normativas aplicables, como la Ley General para la Defensa de Consumidores y Usuarios, Ley de Ordenaci\u00f3n del Comercio<br \/>Minorista y Ley de las Condiciones Generales de la Contrataci\u00f3n.<\/p>\n<p>[\/et_pb_text][\/et_pb_column][\/et_pb_row][\/et_pb_section][et_pb_section fb_built=&#8221;1&#8243; _builder_version=&#8221;4.9.10&#8243; _module_preset=&#8221;default&#8221; custom_padding=&#8221;2px||2px|||&#8221; animation_style=&#8221;slide&#8221; animation_direction=&#8221;bottom&#8221; animation_duration=&#8221;1600ms&#8221; animation_intensity_slide=&#8221;12%&#8221; animation_starting_opacity=&#8221;6%&#8221; hover_transition_duration=&#8221;50ms&#8221; locked=&#8221;off&#8221; global_colors_info=&#8221;{}&#8221;][et_pb_row _builder_version=&#8221;4.5.7&#8243; _module_preset=&#8221;default&#8221; global_colors_info=&#8221;{}&#8221;][et_pb_column type=&#8221;4_4&#8243; _builder_version=&#8221;4.5.7&#8243; _module_preset=&#8221;default&#8221; global_colors_info=&#8221;{}&#8221;][et_pb_text _builder_version=&#8221;4.9.10&#8243; _module_preset=&#8221;default&#8221; header_font=&#8221;|300|||||||&#8221; header_2_font=&#8221;Comfortaa|300|||||||&#8221; global_colors_info=&#8221;{}&#8221;]<\/p>\n<h2 style=\"text-align: center;\">\u00bfQui\u00e9n lo tiene <strong>que cumplir<\/strong>?<\/h2>\n<p>[\/et_pb_text][et_pb_text _builder_version=&#8221;4.9.10&#8243; _module_preset=&#8221;default&#8221; text_font=&#8221;Comfortaa||||||||&#8221; custom_margin=&#8221;6px||||false|false&#8221; custom_margin_tablet=&#8221;&#8221; custom_margin_phone=&#8221;&#8221; custom_margin_last_edited=&#8221;on|desktop&#8221; animation_direction=&#8221;right&#8221; global_colors_info=&#8221;{}&#8221;]<\/p>\n<p class=\"p1\" style=\"text-align: center;\">La LSSI se aplica a los siguientes servicios relacionados con Internet cuando constituyan una actividad econ\u00f3mica o lucrativa para el prestador del servicio en cuesti\u00f3n:<\/p>\n<p>[\/et_pb_text][\/et_pb_column][\/et_pb_row][\/et_pb_section][et_pb_section fb_built=&#8221;1&#8243; _builder_version=&#8221;4.9.10&#8243; _module_preset=&#8221;default&#8221; custom_padding=&#8221;4px||0px|||&#8221; global_colors_info=&#8221;{}&#8221;][et_pb_row _builder_version=&#8221;4.9.10&#8243; _module_preset=&#8221;default&#8221; custom_padding=&#8221;||0px|||&#8221; global_colors_info=&#8221;{}&#8221;][et_pb_column type=&#8221;4_4&#8243; _builder_version=&#8221;4.9.10&#8243; _module_preset=&#8221;default&#8221; global_colors_info=&#8221;{}&#8221;][et_pb_text _builder_version=&#8221;4.9.10&#8243; _module_preset=&#8221;default&#8221; text_font=&#8221;Comfortaa|700|||||||&#8221; text_text_color=&#8221;#b4d524&#8243; text_font_size=&#8221;21px&#8221; header_font=&#8221;|300|||||||&#8221; header_2_font=&#8221;Comfortaa|300|||||||&#8221; text_font_size_tablet=&#8221;&#8221; text_font_size_phone=&#8221;&#8221; text_font_size_last_edited=&#8221;on|desktop&#8221; locked=&#8221;off&#8221; global_colors_info=&#8221;{}&#8221;]<\/p>\n<p style=\"text-align: center;\">Comercio electr\u00f3nico.<\/p>\n<p>[\/et_pb_text][et_pb_text _builder_version=&#8221;4.9.10&#8243; _module_preset=&#8221;default&#8221; text_font=&#8221;Comfortaa|700|||||||&#8221; text_text_color=&#8221;#b4d524&#8243; text_font_size=&#8221;21px&#8221; header_font=&#8221;|300|||||||&#8221; header_2_font=&#8221;Comfortaa|300|||||||&#8221; text_font_size_tablet=&#8221;&#8221; text_font_size_phone=&#8221;&#8221; text_font_size_last_edited=&#8221;on|desktop&#8221; locked=&#8221;off&#8221; global_colors_info=&#8221;{}&#8221;]<\/p>\n<p class=\"p1\" style=\"text-align: center;\">Contrataci\u00f3n en l\u00ednea.<\/p>\n<p>[\/et_pb_text][et_pb_text _builder_version=&#8221;4.9.10&#8243; _module_preset=&#8221;default&#8221; text_font=&#8221;Comfortaa|700|||||||&#8221; text_text_color=&#8221;#b4d524&#8243; text_font_size=&#8221;21px&#8221; header_font=&#8221;|300|||||||&#8221; header_2_font=&#8221;Comfortaa|300|||||||&#8221; text_font_size_tablet=&#8221;&#8221; text_font_size_phone=&#8221;&#8221; text_font_size_last_edited=&#8221;on|desktop&#8221; locked=&#8221;off&#8221; global_colors_info=&#8221;{}&#8221;]<\/p>\n<p class=\"p1\" style=\"text-align: center;\">Informaci\u00f3n y publicidad.<\/p>\n<p>[\/et_pb_text][et_pb_text _builder_version=&#8221;4.9.10&#8243; _module_preset=&#8221;default&#8221; text_font=&#8221;Comfortaa|700|||||||&#8221; text_text_color=&#8221;#b4d524&#8243; text_font_size=&#8221;21px&#8221; header_font=&#8221;|300|||||||&#8221; header_2_font=&#8221;Comfortaa|300|||||||&#8221; text_font_size_tablet=&#8221;&#8221; text_font_size_phone=&#8221;&#8221; text_font_size_last_edited=&#8221;on|desktop&#8221; locked=&#8221;off&#8221; global_colors_info=&#8221;{}&#8221;]<\/p>\n<p class=\"p1\" style=\"text-align: center;\">Servicios de intermediaci\u00f3n.<\/p>\n<p>[\/et_pb_text][\/et_pb_column][\/et_pb_row][\/et_pb_section][et_pb_section fb_built=&#8221;1&#8243; _builder_version=&#8221;4.9.10&#8243; _module_preset=&#8221;default&#8221; use_background_color_gradient=&#8221;on&#8221; background_color_gradient_start=&#8221;rgba(180,213,36,0.93)&#8221; background_color_gradient_end=&#8221;#b4d524&#8243; background_color_gradient_overlays_image=&#8221;on&#8221; background_image=&#8221;https:\/\/anima-lopd.com\/wp-content\/uploads\/2021\/10\/cta.jpg&#8221; custom_margin=&#8221;50px||||false|false&#8221; custom_margin_tablet=&#8221;&#8221; custom_margin_phone=&#8221;&#8221; custom_margin_last_edited=&#8221;on|desktop&#8221; custom_padding=&#8221;0px||0px|||&#8221; global_colors_info=&#8221;{}&#8221;][et_pb_row _builder_version=&#8221;4.9.10&#8243; _module_preset=&#8221;default&#8221; width=&#8221;79.5%&#8221; custom_margin=&#8221;|auto||142px||&#8221; custom_padding=&#8221;|0px|0px|||&#8221; global_colors_info=&#8221;{}&#8221;][et_pb_column type=&#8221;4_4&#8243; _builder_version=&#8221;4.9.10&#8243; _module_preset=&#8221;default&#8221; global_colors_info=&#8221;{}&#8221;][et_pb_cta title=&#8221;\u00a1NO TE ARRIESGUES! CONF\u00cdA EN ANIMA LOPD&#8221; button_text=&#8221;CONTACTA CON NOSOTROS&#8221; _builder_version=&#8221;4.9.10&#8243; _module_preset=&#8221;default&#8221; header_font=&#8221;Comfortaa||||||||&#8221; header_text_color=&#8221;#FFFFFF&#8221; body_font=&#8221;Comfortaa||||||||&#8221; body_text_color=&#8221;#FFFFFF&#8221; background_color=&#8221;rgba(181,214,36,0.48)&#8221; width=&#8221;127.3%&#8221; custom_margin=&#8221;7px|||-146px||&#8221; global_colors_info=&#8221;{}&#8221;]<\/p>\n<p>El incumplimiento de la LSSI-CE comporta\u00a0sanciones \u00a0entre<strong>\u00a030.000 \u20ac y 600.000 \u20ac.<\/strong><\/p>\n<p>Valora \u00a0contratar un asesoramiento especializado y profesional el cual te de garantias con el fin de cumplir con el marco legal.<\/p>\n<p>[\/et_pb_cta][\/et_pb_column][\/et_pb_row][\/et_pb_section]<\/p>\n","protected":false},"excerpt":{"rendered":"<p>LSSI-CEAsesoramos y adaptamos su p\u00e1gina web a la LSSI (Ley 34\/2002, de 11 de julio, sobre servicios de la sociedad de la informaci\u00f3n y comercio electr\u00f3nico) m\u00e1s conocida como &#8220;Ley de Internet&#8221;, as\u00ed como otras normativas aplicables, como la Ley General para la Defensa de Consumidores y Usuarios, Ley de Ordenaci\u00f3n del ComercioMinorista y Ley [&hellip;]<\/p>\n","protected":false},"author":2,"featured_media":0,"parent":0,"menu_order":0,"comment_status":"closed","ping_status":"closed","template":"","meta":{"_et_pb_use_builder":"on","_et_pb_old_content":"","_et_gb_content_width":""},"acf":[],"_links":{"self":[{"href":"https:\/\/anima-lopd.com\/ca\/wp-json\/wp\/v2\/pages\/1465"}],"collection":[{"href":"https:\/\/anima-lopd.com\/ca\/wp-json\/wp\/v2\/pages"}],"about":[{"href":"https:\/\/anima-lopd.com\/ca\/wp-json\/wp\/v2\/types\/page"}],"author":[{"embeddable":true,"href":"https:\/\/anima-lopd.com\/ca\/wp-json\/wp\/v2\/users\/2"}],"replies":[{"embeddable":true,"href":"https:\/\/anima-lopd.com\/ca\/wp-json\/wp\/v2\/comments?post=1465"}],"version-history":[{"count":4,"href":"https:\/\/anima-lopd.com\/ca\/wp-json\/wp\/v2\/pages\/1465\/revisions"}],"predecessor-version":[{"id":223961,"href":"https:\/\/anima-lopd.com\/ca\/wp-json\/wp\/v2\/pages\/1465\/revisions\/223961"}],"wp:attachment":[{"href":"https:\/\/anima-lopd.com\/ca\/wp-json\/wp\/v2\/media?parent=1465"}],"curies":[{"name":"wp","href":"https:\/\/api.w.org\/{rel}","templated":true}]}}