{"id":1471,"date":"2018-07-26T09:51:12","date_gmt":"2018-07-26T07:51:12","guid":{"rendered":"https:\/\/anima-lopd.com\/propiedad-industrial\/"},"modified":"2021-10-11T11:04:34","modified_gmt":"2021-10-11T09:04:34","slug":"propiedad-intelectual","status":"publish","type":"page","link":"https:\/\/anima-lopd.com\/ca\/propiedad-intelectual\/","title":{"rendered":"PROPIEDAD INTELECTUAL"},"content":{"rendered":"<p>[et_pb_section fb_built=&#8221;1&#8243; _builder_version=&#8221;4.9.10&#8243; _module_preset=&#8221;default&#8221; use_background_color_gradient=&#8221;on&#8221; background_color_gradient_start=&#8221;rgba(255,255,255,0.51)&#8221; background_color_gradient_end=&#8221;#ffffff&#8221; background_color_gradient_overlays_image=&#8221;on&#8221; background_image=&#8221;https:\/\/anima-lopd.com\/wp-content\/uploads\/2021\/10\/pexels-zoe-pappas-940829-min-scaled-1.jpg&#8221; custom_padding=&#8221;||5px|||&#8221; hover_transition_duration=&#8221;50ms&#8221; box_shadow_style=&#8221;preset3&#8243; box_shadow_spread=&#8221;-22px&#8221; locked=&#8221;off&#8221;][et_pb_row _builder_version=&#8221;4.9.10&#8243; _module_preset=&#8221;default&#8221; custom_padding=&#8221;||0px|||&#8221;][et_pb_column type=&#8221;4_4&#8243; _builder_version=&#8221;4.9.10&#8243; _module_preset=&#8221;default&#8221; animation_style=&#8221;slide&#8221; animation_direction=&#8221;left&#8221; animation_duration=&#8221;1600ms&#8221; animation_intensity_slide=&#8221;12%&#8221; animation_starting_opacity=&#8221;6%&#8221;][et_pb_text _builder_version=&#8221;4.9.10&#8243; _module_preset=&#8221;default&#8221; hover_enabled=&#8221;0&#8243; header_font=&#8221;Comfortaa||||||||&#8221; sticky_enabled=&#8221;0&#8243;]<\/p>\n<h1 style=\"text-align: center;\">PROPIEDAD INTELECTUAL<\/h1>\n<p>[\/et_pb_text][et_pb_divider color=&#8221;#7a7a7a&#8221; divider_weight=&#8221;1px&#8221; divider_weight_tablet=&#8221;&#8221; divider_weight_phone=&#8221;&#8221; divider_weight_last_edited=&#8221;on|desktop&#8221; _builder_version=&#8221;4.9.10&#8243; _module_preset=&#8221;default&#8221; width=&#8221;10%&#8221; width_tablet=&#8221;&#8221; width_phone=&#8221;&#8221; width_last_edited=&#8221;on|desktop&#8221; module_alignment=&#8221;center&#8221;][\/et_pb_divider][\/et_pb_column][\/et_pb_row][et_pb_row column_structure=&#8221;1_2,1_2&#8243; use_custom_gutter=&#8221;on&#8221; gutter_width=&#8221;1&#8243; make_equal=&#8221;on&#8221; _builder_version=&#8221;4.9.10&#8243; _module_preset=&#8221;default&#8221; min_height=&#8221;244px&#8221; custom_margin=&#8221;9px||||false|false&#8221; custom_margin_tablet=&#8221;&#8221; custom_margin_phone=&#8221;&#8221; custom_margin_last_edited=&#8221;on|desktop&#8221; locked=&#8221;off&#8221;][et_pb_column type=&#8221;1_2&#8243; _builder_version=&#8221;4.9.10&#8243; _module_preset=&#8221;default&#8221; animation_style=&#8221;slide&#8221; animation_direction=&#8221;left&#8221; animation_duration=&#8221;1600ms&#8221; animation_intensity_slide=&#8221;12%&#8221; animation_starting_opacity=&#8221;6%&#8221;][et_pb_image src=&#8221;https:\/\/anima-lopd.com\/wp-content\/uploads\/2021\/10\/propiedad.png&#8221; title_text=&#8221;propiedad&#8221; align=&#8221;center&#8221; _builder_version=&#8221;4.9.10&#8243; _module_preset=&#8221;default&#8221; width=&#8221;28%&#8221; width_tablet=&#8221;&#8221; width_phone=&#8221;42%&#8221; width_last_edited=&#8221;on|desktop&#8221; module_alignment=&#8221;center&#8221; custom_margin=&#8221;-51px||||false|false&#8221; custom_margin_tablet=&#8221;&#8221; custom_margin_phone=&#8221;-76px||-4px||false|false&#8221; custom_margin_last_edited=&#8221;on|desktop&#8221; custom_padding=&#8221;33px|||||&#8221;][\/et_pb_image][\/et_pb_column][et_pb_column type=&#8221;1_2&#8243; _builder_version=&#8221;4.5.7&#8243; _module_preset=&#8221;default&#8221;][et_pb_text _builder_version=&#8221;4.9.10&#8243; _module_preset=&#8221;default&#8221; text_text_color=&#8221;#424242&#8243; text_font_size=&#8221;15px&#8221; custom_margin=&#8221;6px||||false|false&#8221; custom_margin_tablet=&#8221;&#8221; custom_margin_phone=&#8221;&#8221; custom_margin_last_edited=&#8221;on|desktop&#8221; animation_style=&#8221;slide&#8221; animation_direction=&#8221;right&#8221; animation_duration=&#8221;1600ms&#8221; animation_intensity_slide=&#8221;12%&#8221; animation_starting_opacity=&#8221;6%&#8221; hover_enabled=&#8221;0&#8243; text_font=&#8221;Comfortaa||||||||&#8221; sticky_enabled=&#8221;0&#8243;]<\/p>\n<ul>\n<li style=\"text-align: justify;\">Asesoramos y adaptamos las empresas en cualquier duda sobre patentes y marcas.<\/li>\n<li style=\"text-align: justify;\">Tambi\u00e9n patentamos y registramos cualquier marca, producto o servicio nuevo. Para que no te roben la idea, la marca o el que quieras patentar, debes registrarlo y hacerlo t\u00fa. As\u00ed quedar\u00e1 guardado en el registro de Patentes y Marcas de Espa\u00f1a, y si te lo plagian o hacen uso sin que lo hayas permitido, podr\u00e1s reclamarlo.<\/li>\n<\/ul>\n<p>[\/et_pb_text][\/et_pb_column][\/et_pb_row][\/et_pb_section][et_pb_section fb_built=&#8221;1&#8243; _builder_version=&#8221;4.9.10&#8243; _module_preset=&#8221;default&#8221; custom_padding=&#8221;2px||2px|||&#8221; animation_style=&#8221;slide&#8221; animation_direction=&#8221;bottom&#8221; animation_duration=&#8221;1600ms&#8221; animation_intensity_slide=&#8221;12%&#8221; animation_starting_opacity=&#8221;6%&#8221; hover_transition_duration=&#8221;50ms&#8221; locked=&#8221;off&#8221;][et_pb_row column_structure=&#8221;1_2,1_2&#8243; _builder_version=&#8221;4.5.7&#8243; _module_preset=&#8221;default&#8221; min_height=&#8221;390px&#8221; custom_padding=&#8221;||0px|||&#8221;][et_pb_column type=&#8221;1_2&#8243; _builder_version=&#8221;4.5.7&#8243; _module_preset=&#8221;default&#8221;][et_pb_text _builder_version=&#8221;4.9.10&#8243; _module_preset=&#8221;default&#8221; header_font=&#8221;|300|||||||&#8221; header_2_font=&#8221;Comfortaa|300|||||||&#8221;]<\/p>\n<h2 style=\"text-align: center;\">\u00bfQui\u00e9n lo tiene <strong>que cumplir<\/strong>?<\/h2>\n<p>[\/et_pb_text][et_pb_text _builder_version=&#8221;4.9.10&#8243; _module_preset=&#8221;default&#8221; custom_margin=&#8221;6px||||false|false&#8221; custom_margin_tablet=&#8221;&#8221; custom_margin_phone=&#8221;&#8221; custom_margin_last_edited=&#8221;on|desktop&#8221; animation_direction=&#8221;right&#8221; hover_enabled=&#8221;0&#8243; text_font=&#8221;Comfortaa||||||||&#8221; sticky_enabled=&#8221;0&#8243;]<\/p>\n<p class=\"p1\" style=\"text-align: justify;\">Cualquiera que tenga una idea, quiera crear una marca, servicio o producto, se aconseja que lo patente, para evitar tener problemas\u00a0 de plagios o suplantar su derecho sobre aquella idea.<\/p>\n<p>[\/et_pb_text][et_pb_testimonial author=&#8221;Josep Antoni S\u00e0nchez Bay\u00e9 &#8221; job_title=&#8221;IP&#038;IT Lawyer &#8211; Data Protection Officer &#8211; European Financial Advisor&#8221; portrait_url=&#8221;https:\/\/anima-lopd.com\/wp-content\/uploads\/2021\/10\/JOSEP-ANTONI-min.jpeg&#8221; _builder_version=&#8221;4.9.10&#8243; _module_preset=&#8221;default&#8221; background_color=&#8221;#c9c9c9&#8243; hover_enabled=&#8221;0&#8243; body_font=&#8221;Comfortaa||||||||&#8221; sticky_enabled=&#8221;0&#8243;]<\/p>\n<p>PROTEJA EL ALMA DE SU EMPRESA<\/p>\n<p>[\/et_pb_testimonial][\/et_pb_column][et_pb_column type=&#8221;1_2&#8243; _builder_version=&#8221;4.9.10&#8243; _module_preset=&#8221;default&#8221;][et_pb_video src_webm=&#8221;https:\/\/volcanogrupdemos.com\/anima\/wp-content\/uploads\/2021\/09\/pexels-olia-danilevich-5311423-1.mp4&#8243; _builder_version=&#8221;4.9.10&#8243; _module_preset=&#8221;default&#8221;][\/et_pb_video][\/et_pb_column][\/et_pb_row][\/et_pb_section]<\/p>\n","protected":false},"excerpt":{"rendered":"<p>PROPIEDAD INTELECTUAL Asesoramos y adaptamos las empresas en cualquier duda sobre patentes y marcas. Tambi\u00e9n patentamos y registramos cualquier marca, producto o servicio nuevo. Para que no te roben la idea, la marca o el que quieras patentar, debes registrarlo y hacerlo t\u00fa. As\u00ed quedar\u00e1 guardado en el registro de Patentes y Marcas de Espa\u00f1a, [&hellip;]<\/p>\n","protected":false},"author":2,"featured_media":0,"parent":0,"menu_order":0,"comment_status":"closed","ping_status":"closed","template":"","meta":{"_et_pb_use_builder":"on","_et_pb_old_content":"","_et_gb_content_width":""},"acf":[],"_links":{"self":[{"href":"https:\/\/anima-lopd.com\/ca\/wp-json\/wp\/v2\/pages\/1471"}],"collection":[{"href":"https:\/\/anima-lopd.com\/ca\/wp-json\/wp\/v2\/pages"}],"about":[{"href":"https:\/\/anima-lopd.com\/ca\/wp-json\/wp\/v2\/types\/page"}],"author":[{"embeddable":true,"href":"https:\/\/anima-lopd.com\/ca\/wp-json\/wp\/v2\/users\/2"}],"replies":[{"embeddable":true,"href":"https:\/\/anima-lopd.com\/ca\/wp-json\/wp\/v2\/comments?post=1471"}],"version-history":[{"count":7,"href":"https:\/\/anima-lopd.com\/ca\/wp-json\/wp\/v2\/pages\/1471\/revisions"}],"predecessor-version":[{"id":223298,"href":"https:\/\/anima-lopd.com\/ca\/wp-json\/wp\/v2\/pages\/1471\/revisions\/223298"}],"wp:attachment":[{"href":"https:\/\/anima-lopd.com\/ca\/wp-json\/wp\/v2\/media?parent=1471"}],"curies":[{"name":"wp","href":"https:\/\/api.w.org\/{rel}","templated":true}]}}